{"id":7,"date":"2013-02-20T03:46:42","date_gmt":"2013-02-20T03:46:42","guid":{"rendered":"https:\/\/fastn-easy.com\/?page_id=7"},"modified":"2026-01-07T17:39:36","modified_gmt":"2026-01-08T00:39:36","slug":"preguntas-frecuentes","status":"publish","type":"page","link":"https:\/\/fastn-easy.com\/?page_id=7","title":{"rendered":"Preguntas Frecuentes"},"content":{"rendered":"\n<p><\/p>\n\n\n<h2><b>\u00bfC\u00f3mo que no ense\u00f1an gram\u00e1tica? \u00bfo sea, que no hablan bien?<\/b><\/h2>\n<p><b>S\u00ed<\/b> ense\u00f1amos gram\u00e1tica en <em><strong>fast \u2018n easy<\/strong><\/em>, pero lo hacemos inductivamente. O bien, el alumno aprender\u00e1 a hablar y a escribir\u00a0<b>correctamente<\/b>\u00a0<span style=\"text-decoration: underline;\">pero no sabr\u00e1 cada nombre de cada regla<\/span>\u00a0que ha aprendido. As\u00ed como en espa\u00f1ol.<\/p>\n<p>La gram\u00e1tica son las reglas que gobiernan a los idiomas. Todos las personas, al hablar o escribir, respetamos esas reglas para comunicar ideas. De modo que la gram\u00e1tica es una parte fundamental en la ense\u00f1anza de todos los idiomas.<\/p>\n<p>Hablar un idioma es algo natural para el ser humano; todos aprendemos a hablar nuestra lengua madre de manera natural y aprendemos bien. Sin embargo, aunque todos respetamos esas reglas, no todos sabemos\u00a0<b>CONSCIENTEMENTE<\/b>\u00a0el nombre de cada regla. Por ejemplo:<\/p>\n<ul>\n<li>\u00bfCual es la voz pasiva en espa\u00f1ol?<\/li>\n<li>\u00bfCual es el tiempo pospret\u00e9rito es espa\u00f1ol?<\/li>\n<li>\u00bfCuales son los verbos irregulares en espa\u00f1ol?<\/li>\n<\/ul>\n<p>Si no puedes responder correctamente esas preguntas no quiere decir que no sepas hablar. Quiere decir que no sabes reglas gramaticales conscientemente. Y hasta ahora no te ha afectado el no saberlas.<\/p>\n<h2><b>\u00bfY en solo cuatro meses eres biling\u00fce?<\/b><\/h2>\n<p>NO. Los idiomas, como todo lo que involucre aprendizaje,\u00a0<b><i>es un proceso que nunca termina<\/i><\/b>. Nuestro curso dura 1 a\u00f1o y tres meses (\u00f3 600 horas). En cinco meses (200 horas) el alumno termina la primera fase de <b><a href=\"https:\/\/fastn-easy.com\/index.php?option=com_content&amp;view=article&amp;id=7&amp;Itemid=7\">nuestro curso<\/a><\/b>\u00a0donde habla con un nivel b\u00e1sico.<\/p>\n<p>Puede realizar tareas espec\u00edficas cotidianas como: ir de compras, comprar un boleto de avi\u00f3n, tomar un taxi, hacer reservaciones en hoteles, ordenar comida en un restaurante, etc. Adem\u00e1s, ser\u00e1 exitoso al realizar funciones ling\u00fc\u00edsticas como: expresar tu opini\u00f3n, pedir disculpas, saludar, etc. Pero, todav\u00eda no te ense\u00f1amos a leer ni a escribir.<\/p>\n<p>Sin embargo, el resultado a nivel conversaci\u00f3n obtenido en cuatro meses con nuestro m\u00e9todo supera cualquier otro curso que te puedan ofrecer. \u00a1Te lo garantizamos!\u00a0 Ven y con\u00f3cenos.<\/p>\n<h2><b>\u00bfNO hablan espa\u00f1ol en clase? \u00bfY si no entiendo?<\/b><\/h2>\n<p>Nuestro curso esta dise\u00f1ado para personas que no hablan ingl\u00e9s. Parte fundamental del proceso de adquisici\u00f3n es que\u00a0<span style=\"text-decoration: underline;\">el alumno piense en ingl\u00e9s<\/span>. Para eso tiene que dejar de traducir. Pero eso no quiere decir que no entienda lo que sucede en la clase.<\/p>\n<p>Nuestros maestros est\u00e1n muy bien capacitados y hacen hasta lo \u201cimposible\u201d para darse a entender. Adem\u00e1s, el avance de la clase es gradual. Si el alumno se deja llevar por nuestro m\u00e9todo\u00a0<b>GARANTIZAMOS<\/b>\u00a0los resultados completamente.<\/p>\n<h2><b>\u00bfCuantos alumnos hay por grupo?<\/b><\/h2>\n<p>Los grupos son entre 8 y 12. Esto lo hacemos para que todos los alumnos tengan el mismo tiempo de pr\u00e1ctica y la atenci\u00f3n del maestro m\u00e1s personalizada.<\/p>\n<h2><b>\u00bfLos maestros son americanos o mexicanos?<\/b><\/h2>\n<p>Nuestro personal cuanta con ambos, americanos y mexicanos. Sin embargo, tanto unos como los otros tienen sus ventajas y desventajas.<\/p>\n<p>Un maestro americano o nativo ofrece una entonaci\u00f3n y pronunciaci\u00f3n superiores\u00a0a las de un no nativo. Sin embargo, a veces no tiene la experiencia de haber aprendido un segundo idioma y no puede entender las inquietudes o frustraciones que el alumno experimenta. Todos los instructores de<em><strong> fast\u2019n easy<\/strong><\/em> est\u00e1n bien capacitados en nuestro m\u00e9todo adem\u00e1s llevan cursos de capacitaci\u00f3n continua.<\/p>\n<h2><b>\u00bfHay preparaci\u00f3n para el TOEFL?<\/b><\/h2>\n<p>Si. Los \u00faltimos 3 niveles preparamos al alumno con pr\u00e1cticas reales del examen y sus diferentes secciones. Al final del curso, el alumno hace un <span style=\"text-decoration: underline;\">examen <\/span><span style=\"text-decoration: underline;\">no oficial (<strong>SIMULACRO<\/strong>)<\/span>. Los puntajes adquiridos por nuestro alumnos van desde 400 hasta 550 puntos!<\/p>\n\n\n<p><\/p>\n","protected":false},"excerpt":{"rendered":"<p>\u00bfC\u00f3mo que no ense\u00f1an gram\u00e1tica? \u00bfo sea, que no hablan bien? S\u00ed ense\u00f1amos gram\u00e1tica en fast \u2018n easy, pero lo hacemos inductivamente. O bien, el alumno aprender\u00e1 a hablar y a escribir\u00a0correctamente\u00a0pero no sabr\u00e1 cada nombre de cada regla\u00a0que ha aprendido. As\u00ed como en espa\u00f1ol. La gram\u00e1tica son las reglas que gobiernan a los idiomas. [&hellip;]<\/p>\n","protected":false},"author":1,"featured_media":0,"parent":0,"menu_order":0,"comment_status":"open","ping_status":"open","template":"","meta":[],"_links":{"self":[{"href":"https:\/\/fastn-easy.com\/index.php?rest_route=\/wp\/v2\/pages\/7"}],"collection":[{"href":"https:\/\/fastn-easy.com\/index.php?rest_route=\/wp\/v2\/pages"}],"about":[{"href":"https:\/\/fastn-easy.com\/index.php?rest_route=\/wp\/v2\/types\/page"}],"author":[{"embeddable":true,"href":"https:\/\/fastn-easy.com\/index.php?rest_route=\/wp\/v2\/users\/1"}],"replies":[{"embeddable":true,"href":"https:\/\/fastn-easy.com\/index.php?rest_route=%2Fwp%2Fv2%2Fcomments&post=7"}],"version-history":[{"count":6,"href":"https:\/\/fastn-easy.com\/index.php?rest_route=\/wp\/v2\/pages\/7\/revisions"}],"predecessor-version":[{"id":804,"href":"https:\/\/fastn-easy.com\/index.php?rest_route=\/wp\/v2\/pages\/7\/revisions\/804"}],"wp:attachment":[{"href":"https:\/\/fastn-easy.com\/index.php?rest_route=%2Fwp%2Fv2%2Fmedia&parent=7"}],"curies":[{"name":"wp","href":"https:\/\/api.w.org\/{rel}","templated":true}]}}