{"id":601,"date":"2017-01-07T00:09:49","date_gmt":"2017-01-07T00:09:49","guid":{"rendered":"https:\/\/fastn-easy.com\/?page_id=601"},"modified":"2017-01-07T00:23:20","modified_gmt":"2017-01-07T00:23:20","slug":"mision-y-valores-de-la-empresa","status":"publish","type":"page","link":"https:\/\/fastn-easy.com\/?page_id=601","title":{"rendered":"Misi\u00f3n y Valores de la Empresa"},"content":{"rendered":"<h1 style=\"text-align: center;\">Misi\u00f3n<\/h1>\n<p style=\"text-align: left;\">Nuestra misi\u00f3n es la misma misi\u00f3n de nuestros estudiantes; <strong>hablar ingl\u00e9s<\/strong>.<\/p>\n<p style=\"text-align: left;\">Brindar a nuestros clientes\/estudiantes <strong>satisfacci\u00f3n total<\/strong> al recibir nuestro curso de ingl\u00e9s, adem\u00e1s de un <strong>excelente ambiente en nuestras instalaciones<\/strong>; para as\u00ed <strong>llegar a ser su lugar favorito<\/strong> para estar y estudiar ingl\u00e9s.<\/p>\n<h1 style=\"text-align: center;\"><b>Valores Centrales<\/b><\/h1>\n<p><b>Compromiso. \u00a0<\/b><b>\u00a0<\/b>En <span style=\"color: #800000;\">fast\u2019n easy<\/span> estamos comprometidos con la misi\u00f3n, visi\u00f3n y valores centrales para as\u00ed propiciar un ambiente donde la ense\u00f1anza\/aprendizaje se den inevitable, natural y eficientemente.<\/p>\n<p><b>Confianza.<\/b>\u00a0 \u00a0En <span style=\"color: #800000;\">fast\u2019n easy<\/span> <strong>vivimos de la reputaci\u00f3n<\/strong> que tenemos. La reputaci\u00f3n <strong>se construye con nuestras acciones y actitudes diarias.<\/strong> Valoramos la confianza que nuestros estudiantes han puesto en nuestro servicio. La confianza se obtiene y mantiene con la combinaci\u00f3n de aptitud laboral y un car\u00e1cter afable.<\/p>\n<p><b>Honestidad.<\/b>\u00a0 \u00a0Una <strong>conducta sana es el mejor negocio<\/strong>. Nos desenvolvemos y realizamos nuestra labor bajo altos est\u00e1ndares de justicia, honestidad e integridad. En <span style=\"color: #800000;\">fast\u2019neasy<\/span> buscamos <strong>alcanzar todas nuestras metas de una manera honesta<\/strong>. Hablamos con la verdad en nuestra publicidad, sistemas, y clases.<\/p>\n<p><b>Responsabilidad.<\/b>\u00a0 \u00a0Estamos conscientes de<strong> la obligaci\u00f3n para cumplir con nuestras responsabilidades y alcanzar los resultados de una manera profesional<\/strong>. Por la naturaleza de nuestra empresa, dar resultados es una obligaci\u00f3n o \u00a1dejamos de existir!<\/p>\n<p><b>Servicio al Cliente.<\/b>\u00a0 \u00a0Nuestros <strong>clientes<\/strong> son la raz\u00f3n de nuestra existencia. Demostramos nuestro <strong>agradecimiento al proveerles con clases de ingl\u00e9s de alta calidad, servicio impecable, en un ambiente limpio y agradable.<\/strong> Nuestra meta es la satisfacci\u00f3n total de cada uno de nuestros clientes.<\/p>\n<p><b>Trabajo en Equipo.<\/b>\u00a0 \u00a0En <span style=\"color: #800000;\">fast\u2019n easy<\/span> creemos que el <strong>trabajo en equipo siempre es m\u00e1s efectivo que el trabajo individual.<\/strong> Sin embargo, para trabajar en equipo se necesita un alto sentido de liderazgo.<\/p>\n<p>&nbsp;<\/p>\n","protected":false},"excerpt":{"rendered":"<p>Misi\u00f3n Nuestra misi\u00f3n es la misma misi\u00f3n de nuestros estudiantes; hablar ingl\u00e9s. Brindar a nuestros clientes\/estudiantes satisfacci\u00f3n total al recibir nuestro curso de ingl\u00e9s, adem\u00e1s de un excelente ambiente en nuestras instalaciones; para as\u00ed llegar a ser su lugar favorito para estar y estudiar ingl\u00e9s. Valores Centrales Compromiso. \u00a0\u00a0En fast\u2019n easy estamos comprometidos con la [&hellip;]<\/p>\n","protected":false},"author":2,"featured_media":0,"parent":0,"menu_order":0,"comment_status":"closed","ping_status":"closed","template":"","meta":[],"_links":{"self":[{"href":"https:\/\/fastn-easy.com\/index.php?rest_route=\/wp\/v2\/pages\/601"}],"collection":[{"href":"https:\/\/fastn-easy.com\/index.php?rest_route=\/wp\/v2\/pages"}],"about":[{"href":"https:\/\/fastn-easy.com\/index.php?rest_route=\/wp\/v2\/types\/page"}],"author":[{"embeddable":true,"href":"https:\/\/fastn-easy.com\/index.php?rest_route=\/wp\/v2\/users\/2"}],"replies":[{"embeddable":true,"href":"https:\/\/fastn-easy.com\/index.php?rest_route=%2Fwp%2Fv2%2Fcomments&post=601"}],"version-history":[{"count":3,"href":"https:\/\/fastn-easy.com\/index.php?rest_route=\/wp\/v2\/pages\/601\/revisions"}],"predecessor-version":[{"id":604,"href":"https:\/\/fastn-easy.com\/index.php?rest_route=\/wp\/v2\/pages\/601\/revisions\/604"}],"wp:attachment":[{"href":"https:\/\/fastn-easy.com\/index.php?rest_route=%2Fwp%2Fv2%2Fmedia&parent=601"}],"curies":[{"name":"wp","href":"https:\/\/api.w.org\/{rel}","templated":true}]}}