{"id":6,"date":"2013-02-20T03:46:34","date_gmt":"2013-02-20T03:46:34","guid":{"rendered":"https:\/\/fastn-easy.com\/?page_id=6"},"modified":"2017-01-07T00:08:49","modified_gmt":"2017-01-07T00:08:49","slug":"quienes-somos","status":"publish","type":"page","link":"https:\/\/fastn-easy.com\/?page_id=6","title":{"rendered":"Qui\u00e9nes Somos"},"content":{"rendered":"<blockquote><p>Imagina que necesitas urgentemente aprender a manejar y te inscribes en una escuela de manejo, pero el curso consta de 3 a\u00f1os de teor\u00eda y despu\u00e9s de eso, una semana de pr\u00e1ctica\u00a0 .<b>\u00a1Lo mismo sucede con las escuelas de Ingl\u00e9s!<\/b><\/p>\n<p>El Idioma no se \u201c<b>estudia<\/b>\u201d, como la Qu\u00edmica o las Matem\u00e1ticas. Si as\u00ed fuera, tendr\u00edamos que enviar a la universidad al ni\u00f1o de un a\u00f1o para que aprenda a hablar.<\/p>\n<p>Para muchas escuelas de ingl\u00e9s, hoy en d\u00eda poco importa que nuestros alumnos logren hablar un segundo lenguaje.\u00a0Lo que importa es el \u201c<b>negocio<\/b>\u201d de \u201c<b>ense\u00f1ar<\/b>\u201d ingl\u00e9s.<\/p>\n<p>Por esta raz\u00f3n, no s\u00f3lo es un placer, sino una necesidad, compartir el producto de 20 a\u00f1os de investigaci\u00f3n y los excelentes resultados, que son la gran satisfacci\u00f3n de escuchar a nuestros alumnos hablando ingl\u00e9s en un tiempo r\u00e9cord.<\/p>\n<p>Te damos la m\u00e1s cordial de las bienvenidas a nuestra orgullosa sociedad y aplaudimos tu acertada decisi\u00f3n de unirte a nuestra joven empresa cuya verdad, objetivos y m\u00e9todo, la hacen \u00fanica en el Estado de Sonora y en M\u00e9xico.<\/p>\n<h1 style=\"text-align: right;\">Lorena F\u00e9lix F\u00e9lix<\/h1>\n<h6 style=\"text-align: right;\">Fundadora<\/h6>\n<p style=\"text-align: center;\"><strong><i>\u00a1No lo olvides, el Ingl\u00e9s no se estudia, se habla!<\/i><\/strong><\/p>\n<\/blockquote>\n<h2>Misi\u00f3n<\/h2>\n<p><span style=\"font-size: 1rem; line-height: 1.714285714;\">Nu<\/span><span style=\"font-size: 1rem; line-height: 1.714285714;\">estra<\/span><span style=\"font-size: 1rem; line-height: 1.714285714;\"> misi\u00f3n es la misma misi\u00f3n de nuestros estudiantes; hablar Ingl\u00e9s.<\/span><\/p>\n<p><span style=\"font-size: 1rem; line-height: 1.714285714;\">Brindar a<\/span><span style=\"font-size: 1rem; line-height: 1.714285714;\"> nuestro<\/span><span style=\"font-size: 1rem; line-height: 1.714285714;\">s<\/span><span style=\"font-size: 1rem; line-height: 1.714285714;\"> clientes\/estudiantes satisfacci\u00f3n total al recibir nuestro curso de Ingl\u00e9s, adem\u00e1s de un excelente ambiente en nuestras instalaciones; para as\u00ed llegar a ser su lugar favorito para estar y estudiar Ingl\u00e9s.<\/span><\/p>\n<p>&nbsp;<\/p>\n<p><b style=\"font-size: 1.285714286rem; line-height: 1.6;\">Valores<\/b><\/p>\n<p><b>Compromiso. \u00a0<\/b><b style=\"line-height: 1.714285714; font-size: 1rem;\">\u00a0<\/b><span style=\"line-height: 1.714285714; font-size: 1rem;\">En fast\u2019n easy estamos comprometidos con la misi\u00f3n, visi\u00f3n y valores centrales para as\u00ed propiciar un ambiente donde la ense\u00f1anza\/aprendizaje se den inevitable, natural y eficientemente.<\/span><\/p>\n<p><b>Confianza.<\/b>\u00a0 \u00a0En fast\u2019n easy vivimos de la reputaci\u00f3n que tenemos. La reputaci\u00f3n se construye con nuestras acciones y actitudes diarias. Valoramos la confianza que nuestros estudiantes han puesto en nuestro servicio. La confianza se obtiene y mantiene con la combinaci\u00f3n de aptitud laboral y un car\u00e1cter afable.<\/p>\n<p><b>Honestidad.<\/b>\u00a0 \u00a0Una conducta sana es el mejor negocio. Nos desenvolvemos y realizamos nuestra labor bajo altos est\u00e1ndares de justicia, honestidad e integridad. En fast\u2019neasy buscamos alcanzar todas nuestras metas de una manera honesta. Hablamos con la verdad en nuestra publicidad, sistemas, y clases.<\/p>\n<p><b>Responsabilidad.<\/b>\u00a0 \u00a0Estamos conscientes de la obligaci\u00f3n para cumplir con nuestras responsabilidades y alcanzar los resultados de una manera profesional.<\/p>\n<p><b>Servicio al Cliente.<\/b>\u00a0 \u00a0Nuestros clientes son la raz\u00f3n de nuestra existencia. Demostramos nuestro agradecimiento al proveerles con clases de ingl\u00e9s de alta calidad, servicio impecable, en un ambiente limpio y agradable. Nuestra meta es la satisfacci\u00f3n total de cada uno de nuestros clientes.<\/p>\n<p><b>Trabajo en Equipo.<\/b>\u00a0 \u00a0En fast\u2019n easy creemos que el trabajo en equipo siempre es m\u00e1s efectivo que el trabajo individual. Sin embargo, para trabajar en equipo se necesita un alto sentido de liderazgo.<\/p>\n<p>&nbsp;<\/p>\n<p><b style=\"font-size: 1.285714286rem; line-height: 1.6;\">Historia \u00a0\u00a0<\/b><\/p>\n<p>El Instituto de Ingl\u00e9s\u00a0<em><strong>fast \u2019n easy<\/strong><\/em>\u00a0es una escuela local de Ingl\u00e9s como lengua extranjera. Naci\u00f3 en Hermosillo, Sonora en 1995 con la misi\u00f3n de ayudar al alumno a hablar ingl\u00e9s en un tiempo record, y as\u00ed pueda enfrentar las demandas, sociales, acad\u00e9micas y laborales caracter\u00edsticas del estado de Sonora.<\/p>\n<p>Despu\u00e9s\u00a0de desarrollarse como maestra de Ingl\u00e9s en diferentes escuelas a lo largo del pa\u00eds, en 1990, Lorena F\u00e9lix decidi\u00f3 volver a su tierra natal para dise\u00f1ar el programa y materiales para iniciar el proyecto f<em><strong>ast\u2019n easy.<\/strong><\/em>\u00a0 Su sue\u00f1o de aportar una alternativa para la gran demanda se cumpli\u00f3 5 a\u00f1os mas tarde, y a lo largo de casi 20 a\u00f1os, muchos han sido los que han alcanzado satisfactoriamente su meta de hablar ingl\u00e9s.<\/p>\n","protected":false},"excerpt":{"rendered":"<p>Imagina que necesitas urgentemente aprender a manejar y te inscribes en una escuela de manejo, pero el curso consta de 3 a\u00f1os de teor\u00eda y despu\u00e9s de eso, una semana de pr\u00e1ctica\u00a0 .\u00a1Lo mismo sucede con las escuelas de Ingl\u00e9s! El Idioma no se \u201cestudia\u201d, como la Qu\u00edmica o las Matem\u00e1ticas. Si as\u00ed fuera, tendr\u00edamos [&hellip;]<\/p>\n","protected":false},"author":1,"featured_media":0,"parent":0,"menu_order":0,"comment_status":"open","ping_status":"open","template":"","meta":[],"_links":{"self":[{"href":"https:\/\/fastn-easy.com\/index.php?rest_route=\/wp\/v2\/pages\/6"}],"collection":[{"href":"https:\/\/fastn-easy.com\/index.php?rest_route=\/wp\/v2\/pages"}],"about":[{"href":"https:\/\/fastn-easy.com\/index.php?rest_route=\/wp\/v2\/types\/page"}],"author":[{"embeddable":true,"href":"https:\/\/fastn-easy.com\/index.php?rest_route=\/wp\/v2\/users\/1"}],"replies":[{"embeddable":true,"href":"https:\/\/fastn-easy.com\/index.php?rest_route=%2Fwp%2Fv2%2Fcomments&post=6"}],"version-history":[{"count":11,"href":"https:\/\/fastn-easy.com\/index.php?rest_route=\/wp\/v2\/pages\/6\/revisions"}],"predecessor-version":[{"id":600,"href":"https:\/\/fastn-easy.com\/index.php?rest_route=\/wp\/v2\/pages\/6\/revisions\/600"}],"wp:attachment":[{"href":"https:\/\/fastn-easy.com\/index.php?rest_route=%2Fwp%2Fv2%2Fmedia&parent=6"}],"curies":[{"name":"wp","href":"https:\/\/api.w.org\/{rel}","templated":true}]}}