{"id":56,"date":"2013-04-16T06:33:38","date_gmt":"2013-04-16T06:33:38","guid":{"rendered":"https:\/\/fastn-easy.com\/?page_id=56"},"modified":"2013-07-11T00:48:54","modified_gmt":"2013-07-11T00:48:54","slug":"bufete-de-traduccion","status":"publish","type":"page","link":"https:\/\/fastn-easy.com\/?page_id=56","title":{"rendered":"Bufete de traducci\u00f3n"},"content":{"rendered":"<p><img class=\"alignright  wp-image-63\" alt=\"traduccion\" src=\"https:\/\/fastn-easy.com\/wp-content\/uploads\/2013\/02\/traduccion-300x277.png\" width=\"150\" srcset=\"https:\/\/fastn-easy.com\/wp-content\/uploads\/2013\/02\/traduccion-300x277.png 300w, https:\/\/fastn-easy.com\/wp-content\/uploads\/2013\/02\/traduccion.png 405w\" sizes=\"(max-width: 300px) 100vw, 300px\" \/><\/p>\n<p>En <strong><em>fast&#8217;n easy<\/em><\/strong>\u00a0 tambi\u00e9n ofrecemos el\u00a0<b>Servicio de traducci\u00f3n<\/b>\u00a0de textos e interpretaci\u00f3n para sus eventos profesionales o sociales<del><\/del>.<b><br \/>\n<\/b><\/p>\n<p>&nbsp;<\/p>\n<p><b>Requisitos Para la Traducci\u00f3n de Textos<\/b><\/p>\n<h2><\/h2>\n<p>Si el texto es muy extensivo (5 cuartillas o m\u00e1s), es necesario entregar el trabajo con un mes de anticipaci\u00f3n.<b><\/b><\/p>\n<h2><b>Costos<\/b><\/h2>\n<p>El costo por cuartilla traducida es de $70.00 por cada una.<br \/>\nEl costo del servicio de interpretaci\u00f3n es de $500.00 por sesi\u00f3n.<\/p>\n<h2><b>Staff del Bufete de Traducci\u00f3n<\/b><\/h2>\n<h4><b><i>Megan McArver\u00a0 (Supervisora)\u00a0\u00a0\u00a0 <\/i><\/b><\/h4>\n<h4><b><em>megamac21@gmail.com<br \/>\n<\/em><\/b><\/h4>\n<p>&nbsp;<\/p>\n<p>Ha realizado traducciones de texto en diferentes ramas de estudio, y adem\u00e1s ha sido int\u00e9rprete en\u00a0varios eventos religiosos en diferentes pa\u00edses.<\/p>\n<p>&nbsp;<\/p>\n<h4><b><i>Alan Casanova (Interprete)<\/i><\/b><\/h4>\n<p><em><strong>fastneasyy@hotmail.com<\/strong><\/em><\/p>\n<p>Ha realizado interpretaciones en sesiones de conserjer\u00eda familiar y en eventos religiosos en diferentes pa\u00edses.<\/p>\n<p>&nbsp;<\/p>\n<p>&nbsp;<\/p>\n<p>&nbsp;<\/p>\n","protected":false},"excerpt":{"rendered":"<p>En fast&#8217;n easy\u00a0 tambi\u00e9n ofrecemos el\u00a0Servicio de traducci\u00f3n\u00a0de textos e interpretaci\u00f3n para sus eventos profesionales o sociales. &nbsp; Requisitos Para la Traducci\u00f3n de Textos Si el texto es muy extensivo (5 cuartillas o m\u00e1s), es necesario entregar el trabajo con un mes de anticipaci\u00f3n. Costos El costo por cuartilla traducida es de $70.00 por cada [&hellip;]<\/p>\n","protected":false},"author":1,"featured_media":0,"parent":0,"menu_order":0,"comment_status":"open","ping_status":"open","template":"","meta":[],"_links":{"self":[{"href":"https:\/\/fastn-easy.com\/index.php?rest_route=\/wp\/v2\/pages\/56"}],"collection":[{"href":"https:\/\/fastn-easy.com\/index.php?rest_route=\/wp\/v2\/pages"}],"about":[{"href":"https:\/\/fastn-easy.com\/index.php?rest_route=\/wp\/v2\/types\/page"}],"author":[{"embeddable":true,"href":"https:\/\/fastn-easy.com\/index.php?rest_route=\/wp\/v2\/users\/1"}],"replies":[{"embeddable":true,"href":"https:\/\/fastn-easy.com\/index.php?rest_route=%2Fwp%2Fv2%2Fcomments&post=56"}],"version-history":[{"count":17,"href":"https:\/\/fastn-easy.com\/index.php?rest_route=\/wp\/v2\/pages\/56\/revisions"}],"predecessor-version":[{"id":62,"href":"https:\/\/fastn-easy.com\/index.php?rest_route=\/wp\/v2\/pages\/56\/revisions\/62"}],"wp:attachment":[{"href":"https:\/\/fastn-easy.com\/index.php?rest_route=%2Fwp%2Fv2%2Fmedia&parent=56"}],"curies":[{"name":"wp","href":"https:\/\/api.w.org\/{rel}","templated":true}]}}