{"id":5,"date":"2013-02-20T03:46:22","date_gmt":"2013-02-20T03:46:22","guid":{"rendered":"https:\/\/fastn-easy.com\/?page_id=5"},"modified":"2025-01-28T14:11:20","modified_gmt":"2025-01-28T21:11:20","slug":"inicio","status":"publish","type":"page","link":"https:\/\/fastn-easy.com\/","title":{"rendered":"Inicio"},"content":{"rendered":"<h1 class=\"text_exposed_show\" style=\"text-align: center;\">\u00a0<strong><em>Instituto de ingl\u00e9s <span style=\"color: #993300;\">fast&#8217;n easy<\/span><\/em><\/strong><\/h1>\n<h6 class=\"text_exposed_show\" style=\"text-align: center;\">donde el ingl\u00e9s no se estudia, <span style=\"text-decoration: underline;\">se habla<\/span>.<\/h6>\n<p><a href=\"https:\/\/fastn-easy.com\/wp-content\/uploads\/2013\/02\/60473117_2772397432777051_8005444462761213952_n.jpg\"><img loading=\"lazy\" class=\"aligncenter size-full wp-image-722\" src=\"https:\/\/fastn-easy.com\/wp-content\/uploads\/2013\/02\/60473117_2772397432777051_8005444462761213952_n.jpg\" alt=\"\" width=\"1000\" height=\"667\" srcset=\"https:\/\/fastn-easy.com\/wp-content\/uploads\/2013\/02\/60473117_2772397432777051_8005444462761213952_n.jpg 1000w, https:\/\/fastn-easy.com\/wp-content\/uploads\/2013\/02\/60473117_2772397432777051_8005444462761213952_n-300x200.jpg 300w, https:\/\/fastn-easy.com\/wp-content\/uploads\/2013\/02\/60473117_2772397432777051_8005444462761213952_n-768x512.jpg 768w, https:\/\/fastn-easy.com\/wp-content\/uploads\/2013\/02\/60473117_2772397432777051_8005444462761213952_n-624x416.jpg 624w\" sizes=\"(max-width: 1000px) 100vw, 1000px\" \/><\/a><\/p>\n<div class=\"text_exposed_show\" style=\"text-align: center;\"><\/div>\n<div class=\"text_exposed_show\" style=\"text-align: justify;\">El Instituto de Ingl\u00e9s <span style=\"color: #993300;\"><em><strong>fast&#8217;n easy<\/strong><\/em><\/span>\u00a0es una <strong>empresa local<\/strong>, orgullosamente Sonorense, con una<\/div>\n<div class=\"text_exposed_show\" style=\"text-align: justify;\"><\/div>\n<div class=\"text_exposed_show\" style=\"text-align: justify;\"><strong>visi\u00f3n\u00a0<\/strong><strong>global<\/strong> con <strong>27 a\u00f1os de experiencia<\/strong> en la ense\u00f1anza de ingl\u00e9s como lengua extranjera<\/div>\n<div class=\"text_exposed_show\" style=\"text-align: justify;\"><\/div>\n<div class=\"text_exposed_show\" style=\"text-align: justify;\"><strong>preparando\u00a0<\/strong><strong>j\u00f3venes y adultos<\/strong> profesionistas a <strong>cumplir sus metas personales<\/strong>, <strong>acad\u00e9micas<\/strong> y<\/div>\n<div class=\"text_exposed_show\" style=\"text-align: justify;\"><\/div>\n<div class=\"text_exposed_show\" style=\"text-align: justify;\"><strong>profesionales<\/strong> que\u00a0el <strong>COMUNICARSE COMPETENTEMENTE <\/strong>en dicho idioma les pueda<\/div>\n<div class=\"text_exposed_show\" style=\"text-align: justify;\"><\/div>\n<div class=\"text_exposed_show\" style=\"text-align: justify;\">brindar.<\/div>\n<div class=\"text_exposed_show\"><\/div>\n<p><a href=\"https:\/\/fastn-easy.com\/wp-content\/uploads\/2025\/01\/Logo-20-anos-FastNEasy.ai_.png\"><img loading=\"lazy\" class=\"aligncenter wp-image-793 size-full\" src=\"https:\/\/fastn-easy.com\/wp-content\/uploads\/2025\/01\/Logo-20-anos-FastNEasy.ai_.png\" alt=\"\" width=\"1428\" height=\"1142\" srcset=\"https:\/\/fastn-easy.com\/wp-content\/uploads\/2025\/01\/Logo-20-anos-FastNEasy.ai_.png 1428w, https:\/\/fastn-easy.com\/wp-content\/uploads\/2025\/01\/Logo-20-anos-FastNEasy.ai_-300x240.png 300w, https:\/\/fastn-easy.com\/wp-content\/uploads\/2025\/01\/Logo-20-anos-FastNEasy.ai_-1024x819.png 1024w, https:\/\/fastn-easy.com\/wp-content\/uploads\/2025\/01\/Logo-20-anos-FastNEasy.ai_-768x614.png 768w, https:\/\/fastn-easy.com\/wp-content\/uploads\/2025\/01\/Logo-20-anos-FastNEasy.ai_-624x499.png 624w\" sizes=\"(max-width: 1428px) 100vw, 1428px\" \/><\/a><\/p>\n<p style=\"text-align: justify;\">Nos hemos mantenidos firmes en <strong>nuestra filosof\u00eda\u00a0de aprendizaje de lenguas<\/strong>: crear un\u00a0<span style=\"font-size: 1rem;\">ambiente y entorno donde la adquisici\u00f3n natural de idiomas sea posible &#8211; <\/span><strong style=\"font-size: 1rem;\">\u00a1INTERACCI\u00d3N EN\u00a0<\/strong><strong>INGL\u00c9S!<\/strong>\u00a0As\u00ed hemos aprendido a comunicarnos en cada cultura y sociedad; los franceses\u00a0<span style=\"font-size: 1rem;\">aprenden franc\u00e9s porque en ese idioma interact\u00faan; los mexicanos aprendemos espa\u00f1ol de igual <\/span>manera. Las lenguas extranjeras tambi\u00e9n se pueden aprender as\u00ed, siempre y cuando\u00a0se den las condiciones apropiadas.<\/p>\n<p style=\"text-align: right;\"><strong>27 a\u00f1os de experiencia y muchas generaciones de estudiantes satisfechos nos avalan. \u00a0<\/strong><\/p>\n<h1 style=\"text-align: center;\"><span style=\"color: #ff0000;\"><strong>Habla Ingl\u00e9s en 4 meses<br \/>\n\u00a1GARANTIZADO!<\/strong><\/span><\/h1>\n<ul>\n<li>Sin reglas gramaticales expl\u00edcitas<\/li>\n<li>Sin tareas<\/li>\n<li>Sin traducciones<\/li>\n<li>100% Conversacional<\/li>\n<li>2 horas diarias<\/li>\n<\/ul>\n<h5>S\u00ed ense\u00f1amos gram\u00e1tica en <span style=\"color: #800000;\">fast&#8217;n easy<\/span>, pero lo hacemos como dar al ni\u00f1o la medicina en un rico cono de nieve, lo hacemos impl\u00edcitamente.<\/h5>\n<ul>\n<li><strong>Matriz<\/strong>: Bernardo Reyes #83, San Benito.<\/li>\n<\/ul>\n<p style=\"text-align: left;\"><strong><span style=\"text-decoration: underline;\">Tel\u00e9fono:<\/span><\/strong> 662 217.38.39 y 662 217.38.40<\/p>\n<p style=\"text-align: left;\"><span style=\"text-decoration: underline;\"><strong>Whatsapp:<\/strong><\/span>\u00a0 6621 15.97.39<\/p>\n<p><strong>correo<\/strong>: fastneasyy@hotmail.com<\/p>\n<ul>\n<li><strong>Sucursal Colosio<\/strong>: Dr. Ignacio Pesqueira #578\u00a0 Las Quintas.<\/li>\n<\/ul>\n<p><strong><span style=\"text-decoration: underline;\">Tel\u00e9fono<\/span>:<\/strong> 662 216.93.55<\/p>\n<p><span style=\"text-decoration: underline;\"><strong>Whatsapp<\/strong><\/span>: 6624 25.49.17<\/p>\n<p><strong>correo<\/strong>: fastneasycol@gmail.com<\/p>\n<hr \/>\n<h1 style=\"text-align: center;\">\u00a0<span style=\"text-decoration: underline;\"><span style=\"color: #800000;\"><strong>LOS BENEFICIOS DE SER BILING\u00dcE<\/strong><\/span><\/span><\/h1>\n<h1 style=\"padding-left: 30px; text-align: center;\"><strong>\u00a0<\/strong><strong>Ventajas de un individuo, una comunidad y una naci\u00f3n Biling\u00fce. Y Porqu\u00e9 Aprender Ingl\u00e9s debe estar en tus\u00a0 \u00a0 \u00a0 \u00a0metas en el 2018.<\/strong><\/h1>\n<h1 style=\"padding-left: 30px; text-align: center;\">\u00a0 \u00a0 <a href=\"https:\/\/fastn-easy.com\/wp-content\/uploads\/2013\/02\/02-1.jpg\"><img loading=\"lazy\" class=\"wp-image-661 size-medium alignright\" src=\"https:\/\/fastn-easy.com\/wp-content\/uploads\/2013\/02\/02-1-280x300.jpg\" alt=\"\" width=\"280\" height=\"300\" srcset=\"https:\/\/fastn-easy.com\/wp-content\/uploads\/2013\/02\/02-1-280x300.jpg 280w, https:\/\/fastn-easy.com\/wp-content\/uploads\/2013\/02\/02-1-768x822.jpg 768w, https:\/\/fastn-easy.com\/wp-content\/uploads\/2013\/02\/02-1-957x1024.jpg 957w, https:\/\/fastn-easy.com\/wp-content\/uploads\/2013\/02\/02-1-624x668.jpg 624w, https:\/\/fastn-easy.com\/wp-content\/uploads\/2013\/02\/02-1.jpg 1239w\" sizes=\"(max-width: 280px) 100vw, 280px\" \/><\/a><\/h1>\n<p style=\"text-align: center;\">\u00a0 \u00a0 \u00a0 \u00a0 \u00a0 Por L.E.I. \/ M.D. Alan Casanova F\u00e9lix\u00a0 \u00a0 \u00a0 \u00a0 \u00a0 \u00a0 \u00a0 \u00a0 \u00a0 \u00a0 \u00a0 \u00a0 \u00a0 \u00a0 \u00a0 \u00a0 \u00a0 \u00a0 <strong>Director Acad\u00e9mico<\/strong><\/p>\n<p style=\"text-align: center;\"><em>\u00a0<\/em><em>\u201cLa excelencia no es una virtud, es un h\u00e1bito.\u201d\u00a0\u00a0<\/em><strong>Arist\u00f3teles.<\/strong><\/p>\n<h3 style=\"text-align: left; padding-left: 30px;\"><strong>\u00a0 \u00a0 \u00a0 \u00a0 \u00a0<\/strong><\/h3>\n<h3 style=\"text-align: left; padding-left: 30px;\"><strong>La ense\u00f1anza<\/strong> es uno de mis m\u00e1s grandes gustos y satisfacciones. He tenido la oportunidad y el privilegio de impartir varias materias en distintas universidades, y siempre lo hago con<span style=\"text-decoration: underline; color: #000000;\"> la certeza de que el alumno recordar\u00e1 a sus maestros, por buenos o por malos.\u00a0<\/span>Y tengo que admitir que de las personas que m\u00e1s admiro son maestros; \u00a0ya sea de aula o capacitando constantemente en sus empresas a todo su personal. Debo aclarar, tambi\u00e9n, que <span style=\"text-decoration: underline;\"><span style=\"color: #000000; text-decoration: underline;\">impartir o recibir una clase bien estructurada e interesante ser\u00e1 siempre para mi muy emocionante\u2026.casi casi como presenciar una muy buena pelea de box.<\/span><\/span> Es cierto que hay materias que son m\u00e1s complejas a la hora de ense\u00f1ar, y, en ese sentido, <span style=\"text-decoration: underline;\"><span style=\"color: #000000; text-decoration: underline;\">las cualidades de un buen docente son admirables e indispensables en cualquier contenido, desde una conferencia y un serm\u00f3n, a un taller de investigaci\u00f3n o clases ingl\u00e9s.<\/span><\/span><\/h3>\n<h3 style=\"text-align: left; padding-left: 30px;\">Mi formaci\u00f3n universitaria fue en ense\u00f1anza del idioma ingl\u00e9s. Ense\u00f1ar ingl\u00e9s se ha convertido en una de mis misiones m\u00e1s gratificantes, no solo como director acad\u00e9mico de <span style=\"color: #800000;\">fast\u2019n easy<\/span>, sino en todos los escenarios en los cuales he sido docente, y <span style=\"text-decoration: underline;\"><span style=\"color: #000000; text-decoration: underline;\">siempre trato de inyectar esa pasi\u00f3n al capacitar a futuros maestros de ingl\u00e9s, que son pieza clave para alcanzar mejores niveles de vida en este mundo globalizado.<\/span><\/span><\/h3>\n<h3 style=\"text-align: left; padding-left: 30px;\">Pero <span style=\"text-decoration: underline;\"><span style=\"color: #993300; text-decoration: underline;\">\u00bfde verdad existen beneficios para querer aprender otro idioma fuera del laboral?<\/span><\/span> Aparentemente es muy clara la raz\u00f3n para aprender ingl\u00e9s con fines de desarrollo profesional, e incrementar nuestro ingreso. Sin embargo, los beneficios de aprender a hablar otro idioma van mucho m\u00e1s all\u00e1 de esta mera publicidad.<\/h3>\n<p><strong>UN BREVE LISTADO DE LOS BENEFICIOS DE SER BILING\u00dcE<\/strong><\/p>\n<h3 style=\"padding-left: 30px;\"><span style=\"text-decoration: underline;\"><span style=\"color: #000000; text-decoration: underline;\">Efectivamente, saber otro idioma (en nuestro caso el ingl\u00e9s por ser el de mayor demanda en nuestro contexto) tiene un impacto directo en el bolsillo.<\/span><\/span> Estudios indican que un trabajador biling\u00fce en Canad\u00e1 puede ganar de 3 a 7% m\u00e1s que un monoling\u00fce (que habla un solo idioma). En Estados Unidos hablar un idioma extranjero puede incrementar el salario de 1.5 a 3.8%. En la india, el incremento puede ser de \u00a1hasta 34% por hora! Sin duda alguna, el biling\u00fcismo puede abrir puertas al mercado local y nacional. En pa\u00edses donde el biling\u00fcismo est\u00e1 presente, dominar idiomas genera el 10% del P.I.B .(Producto Interno Bruto) de la naci\u00f3n.<\/h3>\n<h3 style=\"padding-left: 30px;\">Otro beneficio importante de ser biling\u00fce es el impacto que tiene en el cerebro a nivel cognitivo. El lenguaje es una representaci\u00f3n de nuestro pensamiento. La cultura tambi\u00e9n moldea nuestro lenguaje y pensamiento. De modo que hablar otros idiomas puede ayudarnos a ver de manera diferente lo que hacemos todos los d\u00edas. Pero eso no es todo: <span style=\"text-decoration: underline;\"><span style=\"color: #000000; text-decoration: underline;\">estudios indican que el biling\u00fcismo ayuda alargar y agudizar nuestra capacidad de concentraci\u00f3n y enfoque y, a la vez, nos convierte en mejores agentes multi-tareas.<\/span><\/span> A nivel fisiol\u00f3gico, el ser biling\u00fce hace m\u00e1s resistente al cerebro, lo cual, seg\u00fan estudios, retrasa enfermedades.<\/h3>\n<h3 style=\"padding-left: 30px;\">\u00bfY qu\u00e9 decir, en caso del idioma ingl\u00e9s, que <span style=\"text-decoration: underline;\"><span style=\"color: #000000; text-decoration: underline;\">es el lenguaje del internet, del mundo financiero, del control a\u00e9reo, de la m\u00fasica popular y de la diplomacia internacional?<\/span><\/span><\/h3>\n<h3 style=\"padding-left: 30px;\">En conclusi\u00f3n, hablar idiomas adicionales a nuestra lengua madre ofrece y promueve ventajas en muchos \u00e1mbitos de nuestra vida. La tecnolog\u00eda y las herramientas de trabajo, transforman a la sociedad, y le ayudan al individuo a evolucionar socialmente. Y seg\u00fan Vygotsky,\u00a0\u00a0<span style=\"text-decoration: underline;\"><span style=\"color: #000000; text-decoration: underline;\">la herramienta m\u00e1s importante para desarrollarnos, es la <strong>COMUNICACI\u00d3N<\/strong>. Mejorarla y ampliarla debe ser nuestra META constante para ser mejores individuos y ciudadanos.<\/span><\/span><\/h3>\n<h1 style=\"text-align: center; padding-left: 30px;\"><strong>INSTITUTO DE INGL\u00c9S <span style=\"color: #800000;\">FAST\u2019N EASY<\/span>; LA MEJOR ALTERNATIVA PARA CUMPLIR TU META DE HABLAR INGL\u00c9S<\/strong><\/h1>\n<h3 style=\"padding-left: 30px;\">\u00bfYa hiciste tu lista de metas para este a\u00f1o? \u00bf\u2018aprender ingl\u00e9s\u2019 est\u00e1 en tu lista? <strong><span style=\"text-decoration: underline; color: #000000;\">\u00bfSab\u00edas que solo el 3% de la poblaci\u00f3n escribe sus metas y este 3% logra 10 veces m\u00e1s que la gente que no las escribe?<\/span> <\/strong>\u00a1\u00a110 veces M\u00c1S!! Tu motivaci\u00f3n te empujar\u00e1 a comenzar, pero tu consistencia es lo que te ayudar\u00e1 a lograr tus metas. Lo que verdaderamente hace la diferencia, no es lo que haces de vez en cuando, sino lo que haces a diario y consistentemente.<\/h3>\n<h3 style=\"padding-left: 30px;\">En Instituto de Ingl\u00e9s <span style=\"color: #800000;\">fast\u2019n easy<\/span> queremos ser tu mejor opci\u00f3n para aprender ingl\u00e9s en tiempo r\u00e9cord. Trabajamos por metas para dar resultados. Este a\u00f1o 2018 nuestro desaf\u00edo es ser m\u00e1s efectivos en nuestra manera de servir. M\u00e1s efectivos en nuestros procesos de ense\u00f1anza\/aprendizaje para dar mejores resultados. <span style=\"text-decoration: underline;\"><span style=\"color: #000000; text-decoration: underline;\">Y si no damos resultados, como cualquier empresa privada, dejaremos de existir.<\/span><\/span><\/h3>\n<h3 style=\"padding-left: 30px;\">Les deseamos un a\u00f1o lleno de logros; <span style=\"text-decoration: underline;\"><span style=\"color: #000000; text-decoration: underline;\">si tu meta es aprender ingl\u00e9s, ven, con\u00f3cenos y descubre porqu\u00e9 hay tantas generaciones de clientes satisfechos.<\/span><\/span><\/h3>\n<hr \/>\n<h1 style=\"text-align: center;\">\u00bfQu\u00e9 distingue al Instituto <span style=\"color: #800000;\">fast&#8217;n easy<\/span>?<a href=\"https:\/\/fastn-easy.com\/wp-content\/uploads\/2013\/02\/IMG_5444.jpg\" rel=\"attachment wp-att-617\"><br \/>\n<\/a><a href=\"https:\/\/fastn-easy.com\/wp-content\/uploads\/2013\/02\/IMG_5444.jpg\" rel=\"attachment wp-att-617\"><br \/>\n<\/a><\/h1>\n<h6 style=\"text-align: center;\">\u00a0por Al\u00e1n Casanova F\u00e9lix, <strong>Director Acad\u00e9mico<\/strong><\/h6>\n<h6 style=\"text-align: center;\">Lic. en ense\u00f1anza de ingl\u00e9s y M.C en Docencia<\/h6>\n<p><span style=\"color: #993300;\">1.-<\/span> Nuestro curso es <strong>intensivo; 2 horas al d\u00eda, de lunes a viernes.<\/strong> 10 horas a la semana de pura pr\u00e1ctica conversacional. Ning\u00fan otro instituto te ofrece 10 horas a la semana. <span style=\"text-decoration: underline;\"><strong>\u00a1NINGUNO!<\/strong><\/span><\/p>\n<p><span style=\"color: #993300;\">2.-<\/span> Nuestro curso tiene <strong>una duraci\u00f3n de 15 meses<\/strong> (1 a\u00f1o y 3 meses). Cada mes es un nivel diferente. Al culminar, el estudiante habr\u00e1 alcanzado <span style=\"text-decoration: underline;\"><strong>600 horas de instrucci\u00f3n en ingl\u00e9s<\/strong><\/span><strong>\u00a0<\/strong>(algunas universidades alcanzan el mismo n\u00famero de horas, pero en \u00a13 o 4 a\u00f1os!).<\/p>\n<p><span style=\"color: #993300;\">3.-<\/span> <strong>Examen diagn\u00f3stico y de necesidades <span style=\"text-decoration: underline;\">gratis<\/span><\/strong> para colocaci\u00f3n apropiada y <strong>personalizar el curso a las necesidades del estudiante<\/strong> (acad\u00e9micas, laborales y\/o tur\u00edsticas).<a href=\"https:\/\/fastn-easy.com\/wp-content\/uploads\/2013\/02\/IMG-20160817-WA0028.jpg\" rel=\"attachment wp-att-596\"><img loading=\"lazy\" class=\"alignright wp-image-596\" src=\"https:\/\/fastn-easy.com\/wp-content\/uploads\/2013\/02\/IMG-20160817-WA0028-1024x1024.jpg\" alt=\"img-20160817-wa0028\" width=\"344\" height=\"344\" srcset=\"https:\/\/fastn-easy.com\/wp-content\/uploads\/2013\/02\/IMG-20160817-WA0028-1024x1024.jpg 1024w, https:\/\/fastn-easy.com\/wp-content\/uploads\/2013\/02\/IMG-20160817-WA0028-150x150.jpg 150w, https:\/\/fastn-easy.com\/wp-content\/uploads\/2013\/02\/IMG-20160817-WA0028-300x300.jpg 300w, https:\/\/fastn-easy.com\/wp-content\/uploads\/2013\/02\/IMG-20160817-WA0028-768x768.jpg 768w, https:\/\/fastn-easy.com\/wp-content\/uploads\/2013\/02\/IMG-20160817-WA0028-624x624.jpg 624w, https:\/\/fastn-easy.com\/wp-content\/uploads\/2013\/02\/IMG-20160817-WA0028.jpg 1600w\" sizes=\"(max-width: 344px) 100vw, 344px\" \/><\/a><\/p>\n<p><span style=\"color: #993300;\">4.-<\/span> <strong>Maestros<\/strong> e Instructores <span style=\"text-decoration: underline;\"><strong>constantemente capacitados<\/strong><\/span> en los procesos de ense\u00f1anza y aprendizaje relacionados con el aprendizaje de lenguas en j\u00f3venes-adultos. <strong>Nuestra meta es ser efectivos en resultados.<\/strong><\/p>\n<p><span style=\"color: #993300;\">5.-<\/span> <strong>Nuestra vocaci\u00f3n y llamado NO ES A VENDER CURSOS DE INGL\u00c9S. <\/strong>Entendemos la necesidad real de formar estudiantes capaces de comunicarse efectivamente en Ingl\u00e9s. <strong>Somos SERIOS en la ense\u00f1anza<\/strong> y en <strong>la confianza<\/strong> que nos brindan <strong>nuestros amigos-clientes.\u00a0 <\/strong>Garantizamos resultados.<\/p>\n<p><span style=\"color: #993300;\">6.-<\/span>\u00a0<strong>Nuestro curso est\u00e1 dividido en 3 m\u00f3dulos:<\/strong> 1) <strong>M\u00f3dulo B\u00e1sico<\/strong> (5 meses), 2) <strong>M\u00f3dulo Intermedio<\/strong> (5 Meses) y <strong>M\u00f3dulo Avanzado<\/strong> (5 meses). De esta manera, tanto el estudiante como los maestros van \u00abmonitoreando\u00bb y \u00abretroalimentando\u00bb su avance. Nunca se firma un contrato. <span style=\"text-decoration: underline;\"><strong>\u00a1NUNCA!<\/strong>\u00a0<\/span> Los estudiantes permanecen por<strong> la motivaci\u00f3n de ver resultados<\/strong>, <span style=\"text-decoration: underline;\"><strong>NO<\/strong><\/span> por <strong>obligaci\u00f3n o compromiso legal<\/strong>. haz <a href=\"https:\/\/fastn-easy.com\/?page_id=25\" target=\"_blank\" rel=\"noopener\">click<\/a> para m\u00e0s informaci\u00f3n del curso.<\/p>\n<p><span style=\"color: #800000;\">7.-<\/span> <strong>Abrimos las puertas para que conozcan clases sin compromiso<\/strong>, y as\u00ed puedas tomar una decisi\u00f3n mas informada acerca del producto y servicio que te ofrecemos. <strong>Si lo que buscas es un lugar d\u00f3nde hablar ingl\u00e9s en un ambiente c\u00e1lido y de camarader\u00eda, \u00a1somos tu mejor opci\u00f3n!<\/strong>\u00a0Ven y conoce una clase gratis. Di que \u00abteacher\u00bb Alan te la regal\u00f3.<\/p>\n<p><span style=\"color: #800000;\">8.-<\/span> Todas <strong>las clases son presenciales<\/strong> con otros estudiantes del mismo nivel tentativamente (las sesiones no son multi-nivel) <strong>y no te llevas trabajo a casa<\/strong>. Creemos <strong><span style=\"text-decoration: underline;\">FIRMEMENTE<\/span><\/strong> que los <strong>idiomas se aprenden con interacci\u00f3n humana<\/strong>.<\/p>\n<p><span style=\"color: #800000;\">9.-<\/span> Nuestra <strong>PASI\u00d3N<\/strong>\u00a0es desafiar la zona de confort en <strong>TODO LO QUE HACEMOS<\/strong>!. Nuestra <strong><a href=\"https:\/\/fastn-easy.com\/?page_id=601\">MISI\u00d3N, VISI\u00d3N, Y VALORES CENTRALES<\/a> reflejan nuestro COMPROMISO<\/strong> con los ciudadanos de Sonora y M\u00e9xico de lograr una transformaci\u00f3n social al capacitar en el uso <strong>COMPETENTE<\/strong> del idioma ingl\u00e9s para alcanzar sus metas profesionales, acad\u00e9micas y tur\u00edsticas. <strong><span style=\"text-decoration: underline;\">La palabra &#8216;utop\u00eda&#8217; no evoca algo inalcanzable, como normalmente se cree, sino una trascendental transformaci\u00f3n por la que vale luchar.\u00a0<\/span><\/strong><\/p>\n<p style=\"text-align: right;\">Visita la secci\u00f3n de <a href=\"https:\/\/fastn-easy.com\/?page_id=7\" target=\"_blank\" rel=\"noopener\">Preguntas Frecuentes<\/a> para mas informaci\u00f3n.<\/p>\n<hr \/>\n<p><a style=\"line-height: 1.714285714; font-size: 1rem;\" href=\"https:\/\/fastn-easy.com\/wp-content\/uploads\/2013\/02\/AVISO-DE-PRIVACIDAD...-EL-BUENO.jpg\"><img loading=\"lazy\" class=\"wp-image-398 aligncenter\" src=\"https:\/\/fastn-easy.com\/wp-content\/uploads\/2013\/02\/AVISO-DE-PRIVACIDAD...-EL-BUENO.jpg\" alt=\"AVISO DE PRIVACIDAD... EL BUENO\" width=\"559\" height=\"296\" srcset=\"https:\/\/fastn-easy.com\/wp-content\/uploads\/2013\/02\/AVISO-DE-PRIVACIDAD...-EL-BUENO.jpg 767w, https:\/\/fastn-easy.com\/wp-content\/uploads\/2013\/02\/AVISO-DE-PRIVACIDAD...-EL-BUENO-300x158.jpg 300w, https:\/\/fastn-easy.com\/wp-content\/uploads\/2013\/02\/AVISO-DE-PRIVACIDAD...-EL-BUENO-624x329.jpg 624w\" sizes=\"(max-width: 559px) 100vw, 559px\" \/><\/a><\/p>\n","protected":false},"excerpt":{"rendered":"<p>\u00a0Instituto de ingl\u00e9s fast&#8217;n easy donde el ingl\u00e9s no se estudia, se habla. El Instituto de Ingl\u00e9s fast&#8217;n easy\u00a0es una empresa local, orgullosamente Sonorense, con una visi\u00f3n\u00a0global con 27 a\u00f1os de experiencia en la ense\u00f1anza de ingl\u00e9s como lengua extranjera preparando\u00a0j\u00f3venes y adultos profesionistas a cumplir sus metas personales, acad\u00e9micas y profesionales que\u00a0el COMUNICARSE COMPETENTEMENTE [&hellip;]<\/p>\n","protected":false},"author":1,"featured_media":0,"parent":0,"menu_order":2,"comment_status":"open","ping_status":"closed","template":"","meta":[],"_links":{"self":[{"href":"https:\/\/fastn-easy.com\/index.php?rest_route=\/wp\/v2\/pages\/5"}],"collection":[{"href":"https:\/\/fastn-easy.com\/index.php?rest_route=\/wp\/v2\/pages"}],"about":[{"href":"https:\/\/fastn-easy.com\/index.php?rest_route=\/wp\/v2\/types\/page"}],"author":[{"embeddable":true,"href":"https:\/\/fastn-easy.com\/index.php?rest_route=\/wp\/v2\/users\/1"}],"replies":[{"embeddable":true,"href":"https:\/\/fastn-easy.com\/index.php?rest_route=%2Fwp%2Fv2%2Fcomments&post=5"}],"version-history":[{"count":218,"href":"https:\/\/fastn-easy.com\/index.php?rest_route=\/wp\/v2\/pages\/5\/revisions"}],"predecessor-version":[{"id":796,"href":"https:\/\/fastn-easy.com\/index.php?rest_route=\/wp\/v2\/pages\/5\/revisions\/796"}],"wp:attachment":[{"href":"https:\/\/fastn-easy.com\/index.php?rest_route=%2Fwp%2Fv2%2Fmedia&parent=5"}],"curies":[{"name":"wp","href":"https:\/\/api.w.org\/{rel}","templated":true}]}}