{"id":25,"date":"2013-02-20T04:33:11","date_gmt":"2013-02-20T04:33:11","guid":{"rendered":"https:\/\/fastn-easy.com\/?page_id=25"},"modified":"2026-01-07T18:10:21","modified_gmt":"2026-01-08T01:10:21","slug":"metodo","status":"publish","type":"page","link":"https:\/\/fastn-easy.com\/?page_id=25","title":{"rendered":"M\u00e9todo"},"content":{"rendered":"\n<div class=\"wp-block-image\"><figure class=\"aligncenter is-resized\"><a href=\"https:\/\/fastn-easy.com\/wp-content\/uploads\/2013\/02\/FAST-AND-EASY-15-1578.jpg\" rel=\"attachment wp-att-634\"><img loading=\"lazy\" src=\"https:\/\/fastn-easy.com\/wp-content\/uploads\/2013\/02\/FAST-AND-EASY-15-1578-150x150.jpg\" alt=\"FAST AND EASY 15-1578\" class=\"wp-image-634\" width=\"264\" height=\"264\"\/><\/a><\/figure><\/div>\n\n\n\n<h1><strong>Curso y&nbsp;<\/strong>Metodolog\u00eda<\/h1>\n\n\n\n<p>El m\u00e9todo&nbsp; <b>\u201c<span style=\"color: #800000;\"><i><span style=\"text-decoration: underline;\">The fast&#8217;n easy Way<\/span><\/i><\/span>\u201d<\/b>&nbsp; que utilizamos para ense\u00f1ar ingl\u00e9s es ecl\u00e9ctico; es decir, es una combinaci\u00f3n de varios m\u00e9todos que han sido y\/o actualmente son utilizados para la ense\u00f1anza de lenguas alrededor del mundo.<br>Todo lo que hacemos en el sal\u00f3n de clases tiene como fundamento la teor\u00eda de adquisici\u00f3n natural del lenguaje desarrollada por Stephen Krashen, la cual afirma que es necesario que la informaci\u00f3n o mensaje que se le da al estudiante sea <span style=\"text-decoration: underline;\"><strong>COMPRENSIBLE<\/strong><\/span> y no solamente estar en contacto con el idioma.<\/p>\n\n\n\n<p>En <span style=\"color: #800000;\">fast&#8217;n easy<\/span> no \u201cestudiamos\u201d ingl\u00e9s, sino que el alumno lo \u201cadquiere\u201d\u00a0<span style=\"text-decoration: underline;\">de manera natural<\/span>: hablando\u00a0<span style=\"text-decoration: underline;\">como su primer idioma.<\/span><br>Para lograr esto, <strong>hemos dividido el curso <\/strong>de 1 a\u00f1o y 3 meses <strong>en<\/strong> <strong>3 m\u00f3dulos:<\/strong> <\/p>\n\n\n\n<p><strong>1) m\u00f3dulo\u00a0<\/strong><b>b\u00e1sico<\/b>, <strong>2) m\u00f3dulo intermedio<\/strong> y <strong>3) m\u00f3dulo avanzado<\/strong> (de 5 meses o 200 horas respectivamente). <\/p>\n\n\n\n<p><strong>Cada m\u00f3dulo y cada nivel tienen objetivos espec\u00edficos.<\/strong><\/p>\n\n\n\n<h2><b>M\u00f3dulo B\u00e1sico<\/b><\/h2>\n\n\n\n<p>Primero, ense\u00f1amos al alumno a pensar y hablar en ingl\u00e9s con pronunciaci\u00f3n perfecta. En esta etapa,\u00a0<span style=\"text-decoration: underline;\">el alumno no lee ni escribe<\/span>; nos concentramos\u00a0<b>100% en la conversaci\u00f3n<\/b>.<br>El nivel de competencia comunicativa es b\u00e1sico; el equivalente a lo que un ni\u00f1o de 5 o 6 a\u00f1os habla antes de ir a la primaria.<\/p>\n\n\n\n<p><span style=\"line-height: 1.714285714; font-size: 1rem;\">1.- Role Play I A<\/span><\/p>\n\n\n\n<p>2.- Role Play I B<\/p>\n\n\n\n<p>3.- Role Play II<\/p>\n\n\n\n<p>4.- Role Play III<\/p>\n\n\n\n<p>5.- Reading Game<\/p>\n\n\n\n<h2><b>M\u00f3dulo Intermedio<\/b><\/h2>\n\n\n\n<p>Despu\u00e9s, comenzamos el proceso de&nbsp;<b>alfabetizaci\u00f3n<\/b>&nbsp;en el alumno; es decir, ense\u00f1amos al alumno a&nbsp;<span style=\"text-decoration: underline;\">leer, escribir y aumentar su vocabulario.&nbsp;<\/span><\/p>\n\n\n\n<p>6.- Culturals<\/p>\n\n\n\n<p>7.- Readings I<\/p>\n\n\n\n<p>8.- Free Composition<\/p>\n\n\n\n<p>9.- Conversation Club 1<\/p>\n\n\n\n<p>10.- Readings II<\/p>\n\n\n\n<h2><b>M\u00f3dulo Avanzado<\/b><\/h2>\n\n\n\n<p>Por \u00faltimo, ense\u00f1amos al alumno&nbsp;<span style=\"text-decoration: underline;\">aspectos culturales del Ingl\u00e9s<\/span>&nbsp;para un dominio m\u00e1s extenso de la lengua y aumentamos constantemente su vocabulario, para una&nbsp;<b>conversaci\u00f3n m\u00e1s fluida y natural<\/b>.<\/p>\n\n\n\n<p>11.- Videos<\/p>\n\n\n\n<p>12.- Conversation Club 2<\/p>\n\n\n\n<p>13.- Conversation Club 3<\/p>\n\n\n\n<p>&nbsp;14.- Authentic Reading<\/p>\n\n\n\n<p>15.- Language &amp; Culture<\/p>\n\n\n\n<p>Para aprender un idioma debemos estar expuestos a el y comprender lo que se nos dice. Mientras mas mensajes comprensibles se reciben, mejor y mas r\u00e1pida sera la adquisici\u00f3n. Por \u00e9sta raz\u00f3n, las clases son de Lunes a Viernes, 2 horas al d\u00eda.<\/p>\n\n\n\n<p>Para mas informaci\u00f3n, ir a la secci\u00f3n de <a href=\"https:\/\/fastn-easy.com\/?page_id=7\" target=\"_blank\" rel=\"noopener\">Preguntas Frecuentes<\/a><\/p>\n","protected":false},"excerpt":{"rendered":"<p>Curso y&nbsp;Metodolog\u00eda El m\u00e9todo&nbsp; \u201cThe fast&#8217;n easy Way\u201d&nbsp; que utilizamos para ense\u00f1ar ingl\u00e9s es ecl\u00e9ctico; es decir, es una combinaci\u00f3n de varios m\u00e9todos que han sido y\/o actualmente son utilizados para la ense\u00f1anza de lenguas alrededor del mundo.Todo lo que hacemos en el sal\u00f3n de clases tiene como fundamento la teor\u00eda de adquisici\u00f3n natural del [&hellip;]<\/p>\n","protected":false},"author":1,"featured_media":0,"parent":0,"menu_order":0,"comment_status":"open","ping_status":"open","template":"","meta":[],"_links":{"self":[{"href":"https:\/\/fastn-easy.com\/index.php?rest_route=\/wp\/v2\/pages\/25"}],"collection":[{"href":"https:\/\/fastn-easy.com\/index.php?rest_route=\/wp\/v2\/pages"}],"about":[{"href":"https:\/\/fastn-easy.com\/index.php?rest_route=\/wp\/v2\/types\/page"}],"author":[{"embeddable":true,"href":"https:\/\/fastn-easy.com\/index.php?rest_route=\/wp\/v2\/users\/1"}],"replies":[{"embeddable":true,"href":"https:\/\/fastn-easy.com\/index.php?rest_route=%2Fwp%2Fv2%2Fcomments&post=25"}],"version-history":[{"count":17,"href":"https:\/\/fastn-easy.com\/index.php?rest_route=\/wp\/v2\/pages\/25\/revisions"}],"predecessor-version":[{"id":803,"href":"https:\/\/fastn-easy.com\/index.php?rest_route=\/wp\/v2\/pages\/25\/revisions\/803"}],"wp:attachment":[{"href":"https:\/\/fastn-easy.com\/index.php?rest_route=%2Fwp%2Fv2%2Fmedia&parent=25"}],"curies":[{"name":"wp","href":"https:\/\/api.w.org\/{rel}","templated":true}]}}